{"id":25,"date":"2023-12-13T14:58:05","date_gmt":"2023-12-13T14:58:05","guid":{"rendered":"https:\/\/thebestsportsbet.com\/vi-vn\/home\/"},"modified":"2024-01-12T13:48:58","modified_gmt":"2024-01-12T13:48:58","slug":"home","status":"publish","type":"page","link":"https:\/\/thebestsportsbet.com\/vi-vn\/","title":{"rendered":"HOME"},"content":{"rendered":"\n<p><br>Ch\u00e0o m\u1eebng b\u1ea1n \u0111\u1ebfn v\u1edbi trang c\u00e1 c\u01b0\u1ee3c th\u1ec3 thao t\u1ed1t nh\u1ea5t. Ch\u00fang t\u00f4i cung c\u1ea5p c\u00e1c li\u00ean k\u1ebft thay th\u1ebf \u0111\u1ec3 truy c\u1eadp c\u00e1c trang web c\u00e1 c\u01b0\u1ee3c v\u00e0 m\u00e3 khuy\u1ebfn m\u00e3i, c\u0169ng nh\u01b0 th\u00f4ng tin v\u1ec1 c\u00e1c ch\u01b0\u01a1ng tr\u00ecnh khuy\u1ebfn m\u00e3i m\u1edbi. \u1ede Vi\u1ec7t Nam, c\u00f3 nhi\u1ec1u \u01b0u \u0111\u00e3i c\u00e1 c\u01b0\u1ee3c h\u1ea5p d\u1eabn v\u00e0 r\u1ea5t c\u00f3 l\u1ee3i cho ng\u01b0\u1eddi ch\u01a1i t\u1ea1i c\u00e1c trang web uy t\u00edn c\u00f3 s\u1ed1 gi\u1ea5y ph\u00e9p h\u1ee3p l\u1ec7\u200b<a href=\"https:\/\/www.bestbettingsites.com\/vietnam\/bonuses\/#:~:text=888sport%20bet365%20LV%20BET%20Paddy,that%20have%20valid%20license%20numbers\" target=\"_blank\" rel=\"noreferrer noopener\"><\/a>\u200b. M\u1ed9t s\u1ed1 trang web c\u00e1 c\u01b0\u1ee3c n\u1ed5i ti\u1ebfng bao g\u1ed3m Betway, 888 Sports v\u00e0 Dafabet, ph\u1ee5c v\u1ee5 h\u01a1n 28 lo\u1ea1i h\u00ecnh c\u00e1 c\u01b0\u1ee3c th\u1ec3 thao tr\u1ef1c tuy\u1ebfn kh\u00e1c nhau v\u00e0 h\u1ed7 tr\u1ee3 n\u1ea1p ti\u1ec1n b\u1eb1ng \u0110\u1ed3ng Vi\u1ec7t Nam\u200b<a href=\"https:\/\/bonus.org\/betting\/vietnam\/#:~:text=The%20list%20contains%20such%20sites,the%20account%20with%20Vietnamese%20Dongs\" target=\"_blank\" rel=\"noreferrer noopener\"><\/a>\u200b.<\/p>\n\n\n\n<p>M\u1ed9t s\u1ed1 trang c\u00e1 c\u01b0\u1ee3c m\u1edbi t\u1ea1i Vi\u1ec7t Nam nh\u01b0 77Bet t\u1eadp trung v\u00e0o th\u1ecb tr\u01b0\u1eddng b\u00f3ng \u0111\u00e1, cung c\u1ea5p giao di\u1ec7n th\u00e2n thi\u1ec7n v\u00e0 \u1ee9ng d\u1ee5ng di \u0111\u1ed9ng, c\u0169ng nh\u01b0 \u0111a d\u1ea1ng ph\u01b0\u01a1ng th\u1ee9c thanh to\u00e1n. H\u1ecd cung c\u1ea5p nhi\u1ec1u lo\u1ea1i \u01b0u \u0111\u00e3i khuy\u1ebfn m\u00e3i cho c\u1ea3 casino v\u00e0 c\u00e1 c\u01b0\u1ee3c th\u1ec3 thao\u200b<a href=\"https:\/\/asian-bookies.net\/en\/vietnam\/football-betting-sites\/\" target=\"_blank\" rel=\"noreferrer noopener\"><\/a>\u200b. Ngo\u00e0i ra, b\u1ea1n c\u0169ng c\u00f3 th\u1ec3 t\u1eadn h\u01b0\u1edfng \u01b0u \u0111\u00e3i ch\u00e0o m\u1eebng nh\u01b0 Bonus h\u00e0ng ng\u00e0y l\u00ean t\u1edbi 1 Tri\u1ec7u VND v\u00e0 Bonus Ng\u00e0y Th\u1ec3 Thao v\u1edbi ho\u00e0n tr\u1ea3 l\u00ean t\u1edbi 0.5%\u200b<a href=\"https:\/\/www.expatbets.com\/vietnam\/online-sports-betting\/#:~:text=Welcome%20Bonus%3A%2010,betting%20is%20online%20casino%20FB88\" target=\"_blank\" rel=\"noreferrer noopener\"><\/a>\u200b.<\/p>\n\n\n\n<p>\u0110\u1ed1i v\u1edbi nh\u1eefng ng\u01b0\u1eddi g\u1eb7p kh\u00f3 kh\u0103n khi truy c\u1eadp c\u00e1c trang web c\u00e1 c\u01b0\u1ee3c th\u1ec3 thao t\u1eeb Vi\u1ec7t Nam, b\u1ea1n c\u00f3 th\u1ec3 s\u1eed d\u1ee5ng c\u00e1c li\u00ean k\u1ebft thay th\u1ebf sau: 1XBET, Marathonbet, Pinnacle, v\u00e0 Sbobet\u200b<a href=\"https:\/\/www.bookieszone.com\/vietnam.html#:~:text=Access%20to%20sports%20betting%20websites,1\" target=\"_blank\" rel=\"noreferrer noopener\"><\/a>\u200b.<\/p>\n\n\n\n<p>\u0110\u00e2y l\u00e0 th\u00f4ng tin h\u1eefu \u00edch \u0111\u1ec3 b\u1ea1n c\u00f3 th\u1ec3 b\u1eaft \u0111\u1ea7u tr\u1ea3i nghi\u1ec7m c\u00e1 c\u01b0\u1ee3c th\u1ec3 thao tr\u1ef1c tuy\u1ebfn m\u1ed9t c\u00e1ch t\u1ed1t nh\u1ea5t.<\/p>\n","protected":false},"excerpt":{"rendered":"<p>Ch\u00e0o m\u1eebng b\u1ea1n \u0111\u1ebfn v\u1edbi trang c\u00e1 c\u01b0\u1ee3c th\u1ec3 thao t\u1ed1t nh\u1ea5t. Ch\u00fang t\u00f4i cung c\u1ea5p c\u00e1c li\u00ean k\u1ebft thay th\u1ebf \u0111\u1ec3 truy c\u1eadp c\u00e1c trang web c\u00e1 c\u01b0\u1ee3c v\u00e0 m\u00e3 khuy\u1ebfn m\u00e3i, c\u0169ng nh\u01b0 th\u00f4ng tin v\u1ec1 c\u00e1c ch\u01b0\u01a1ng tr\u00ecnh khuy\u1ebfn m\u00e3i m\u1edbi. \u1ede Vi\u1ec7t Nam, c\u00f3 nhi\u1ec1u \u01b0u \u0111\u00e3i c\u00e1 c\u01b0\u1ee3c h\u1ea5p d\u1eabn &hellip;<\/p>\n","protected":false},"author":1,"featured_media":0,"parent":0,"menu_order":0,"comment_status":"closed","ping_status":"closed","template":"","meta":{"_uag_custom_page_level_css":"","footnotes":""},"class_list":["post-25","page","type-page","status-publish","hentry"],"yoast_head":"<!-- This site is optimized with the Yoast SEO Premium plugin v24.5 (Yoast SEO v24.5) - https:\/\/yoast.com\/wordpress\/plugins\/seo\/ -->\n<title>HOME - c\u00e1 c\u01b0\u1ee3c th\u1ec3 thao t\u1ed1t nh\u1ea5t<\/title>\n<meta name=\"robots\" content=\"index, follow, max-snippet:-1, max-image-preview:large, max-video-preview:-1\" \/>\n<link rel=\"canonical\" href=\"https:\/\/thebestsportsbet.com\/vi-vn\/\" \/>\n<meta property=\"og:locale\" content=\"en_GB\" \/>\n<meta property=\"og:type\" content=\"article\" \/>\n<meta property=\"og:title\" content=\"HOME\" \/>\n<meta property=\"og:description\" content=\"Ch\u00e0o m\u1eebng b\u1ea1n \u0111\u1ebfn v\u1edbi trang c\u00e1 c\u01b0\u1ee3c th\u1ec3 thao t\u1ed1t nh\u1ea5t. Ch\u00fang t\u00f4i cung c\u1ea5p c\u00e1c li\u00ean k\u1ebft thay th\u1ebf \u0111\u1ec3 truy c\u1eadp c\u00e1c trang web c\u00e1 c\u01b0\u1ee3c v\u00e0 m\u00e3 khuy\u1ebfn m\u00e3i, c\u0169ng nh\u01b0 th\u00f4ng tin v\u1ec1 c\u00e1c ch\u01b0\u01a1ng tr\u00ecnh khuy\u1ebfn m\u00e3i m\u1edbi. \u1ede Vi\u1ec7t Nam, c\u00f3 nhi\u1ec1u \u01b0u \u0111\u00e3i c\u00e1 c\u01b0\u1ee3c h\u1ea5p d\u1eabn &hellip;\" \/>\n<meta property=\"og:url\" content=\"https:\/\/thebestsportsbet.com\/vi-vn\/\" \/>\n<meta property=\"og:site_name\" content=\"c\u00e1 c\u01b0\u1ee3c th\u1ec3 thao t\u1ed1t nh\u1ea5t\" \/>\n<meta property=\"article:modified_time\" content=\"2024-01-12T13:48:58+00:00\" \/>\n<meta name=\"twitter:card\" content=\"summary_large_image\" \/>\n<meta name=\"twitter:site\" content=\"@thebestsportsb\" \/>\n<meta name=\"twitter:label1\" content=\"Estimated reading time\" \/>\n\t<meta name=\"twitter:data1\" content=\"2 minutes\" \/>\n<script type=\"application\/ld+json\" class=\"yoast-schema-graph\">{\"@context\":\"https:\/\/schema.org\",\"@graph\":[{\"@type\":\"WebPage\",\"@id\":\"https:\/\/thebestsportsbet.com\/vi-vn\/\",\"url\":\"https:\/\/thebestsportsbet.com\/vi-vn\/\",\"name\":\"HOME - c\u00e1 c\u01b0\u1ee3c th\u1ec3 thao t\u1ed1t nh\u1ea5t\",\"isPartOf\":{\"@id\":\"https:\/\/thebestsportsbet.com\/vi-vn\/#website\"},\"datePublished\":\"2023-12-13T14:58:05+00:00\",\"dateModified\":\"2024-01-12T13:48:58+00:00\",\"breadcrumb\":{\"@id\":\"https:\/\/thebestsportsbet.com\/vi-vn\/#breadcrumb\"},\"inLanguage\":\"en-GB\",\"potentialAction\":[{\"@type\":\"ReadAction\",\"target\":[\"https:\/\/thebestsportsbet.com\/vi-vn\/\"]}]},{\"@type\":\"BreadcrumbList\",\"@id\":\"https:\/\/thebestsportsbet.com\/vi-vn\/#breadcrumb\",\"itemListElement\":[{\"@type\":\"ListItem\",\"position\":1,\"name\":\"Home\",\"item\":\"https:\/\/thebestsportsbet.com\/vi-vn\/\"},{\"@type\":\"ListItem\",\"position\":2,\"name\":\"HOME\"}]},{\"@type\":\"WebSite\",\"@id\":\"https:\/\/thebestsportsbet.com\/vi-vn\/#website\",\"url\":\"https:\/\/thebestsportsbet.com\/vi-vn\/\",\"name\":\"c\u00e1 c\u01b0\u1ee3c th\u1ec3 thao t\u1ed1t nh\u1ea5t\",\"description\":\"\",\"publisher\":{\"@id\":\"https:\/\/thebestsportsbet.com\/vi-vn\/#organization\"},\"potentialAction\":[{\"@type\":\"SearchAction\",\"target\":{\"@type\":\"EntryPoint\",\"urlTemplate\":\"https:\/\/thebestsportsbet.com\/vi-vn\/?s={search_term_string}\"},\"query-input\":{\"@type\":\"PropertyValueSpecification\",\"valueRequired\":true,\"valueName\":\"search_term_string\"}}],\"inLanguage\":\"en-GB\"},{\"@type\":\"Organization\",\"@id\":\"https:\/\/thebestsportsbet.com\/vi-vn\/#organization\",\"name\":\"c\u00e1 c\u01b0\u1ee3c th\u1ec3 thao t\u1ed1t nh\u1ea5t\",\"url\":\"https:\/\/thebestsportsbet.com\/vi-vn\/\",\"logo\":{\"@type\":\"ImageObject\",\"inLanguage\":\"en-GB\",\"@id\":\"https:\/\/thebestsportsbet.com\/vi-vn\/#\/schema\/logo\/image\/\",\"url\":\"https:\/\/thebestsportsbet.com\/vi-vn\/wp-content\/uploads\/sites\/7\/2023\/11\/tbsb4.png\",\"contentUrl\":\"https:\/\/thebestsportsbet.com\/vi-vn\/wp-content\/uploads\/sites\/7\/2023\/11\/tbsb4.png\",\"width\":380,\"height\":120,\"caption\":\"c\u00e1 c\u01b0\u1ee3c th\u1ec3 thao t\u1ed1t nh\u1ea5t\"},\"image\":{\"@id\":\"https:\/\/thebestsportsbet.com\/vi-vn\/#\/schema\/logo\/image\/\"},\"sameAs\":[\"https:\/\/x.com\/thebestsportsb\"]}]}<\/script>\n<!-- \/ Yoast SEO Premium plugin. -->","yoast_head_json":{"title":"HOME - c\u00e1 c\u01b0\u1ee3c th\u1ec3 thao t\u1ed1t nh\u1ea5t","robots":{"index":"index","follow":"follow","max-snippet":"max-snippet:-1","max-image-preview":"max-image-preview:large","max-video-preview":"max-video-preview:-1"},"canonical":"https:\/\/thebestsportsbet.com\/vi-vn\/","og_locale":"en_GB","og_type":"article","og_title":"HOME","og_description":"Ch\u00e0o m\u1eebng b\u1ea1n \u0111\u1ebfn v\u1edbi trang c\u00e1 c\u01b0\u1ee3c th\u1ec3 thao t\u1ed1t nh\u1ea5t. Ch\u00fang t\u00f4i cung c\u1ea5p c\u00e1c li\u00ean k\u1ebft thay th\u1ebf \u0111\u1ec3 truy c\u1eadp c\u00e1c trang web c\u00e1 c\u01b0\u1ee3c v\u00e0 m\u00e3 khuy\u1ebfn m\u00e3i, c\u0169ng nh\u01b0 th\u00f4ng tin v\u1ec1 c\u00e1c ch\u01b0\u01a1ng tr\u00ecnh khuy\u1ebfn m\u00e3i m\u1edbi. \u1ede Vi\u1ec7t Nam, c\u00f3 nhi\u1ec1u \u01b0u \u0111\u00e3i c\u00e1 c\u01b0\u1ee3c h\u1ea5p d\u1eabn &hellip;","og_url":"https:\/\/thebestsportsbet.com\/vi-vn\/","og_site_name":"c\u00e1 c\u01b0\u1ee3c th\u1ec3 thao t\u1ed1t nh\u1ea5t","article_modified_time":"2024-01-12T13:48:58+00:00","twitter_card":"summary_large_image","twitter_site":"@thebestsportsb","twitter_misc":{"Estimated reading time":"2 minutes"},"schema":{"@context":"https:\/\/schema.org","@graph":[{"@type":"WebPage","@id":"https:\/\/thebestsportsbet.com\/vi-vn\/","url":"https:\/\/thebestsportsbet.com\/vi-vn\/","name":"HOME - c\u00e1 c\u01b0\u1ee3c th\u1ec3 thao t\u1ed1t nh\u1ea5t","isPartOf":{"@id":"https:\/\/thebestsportsbet.com\/vi-vn\/#website"},"datePublished":"2023-12-13T14:58:05+00:00","dateModified":"2024-01-12T13:48:58+00:00","breadcrumb":{"@id":"https:\/\/thebestsportsbet.com\/vi-vn\/#breadcrumb"},"inLanguage":"en-GB","potentialAction":[{"@type":"ReadAction","target":["https:\/\/thebestsportsbet.com\/vi-vn\/"]}]},{"@type":"BreadcrumbList","@id":"https:\/\/thebestsportsbet.com\/vi-vn\/#breadcrumb","itemListElement":[{"@type":"ListItem","position":1,"name":"Home","item":"https:\/\/thebestsportsbet.com\/vi-vn\/"},{"@type":"ListItem","position":2,"name":"HOME"}]},{"@type":"WebSite","@id":"https:\/\/thebestsportsbet.com\/vi-vn\/#website","url":"https:\/\/thebestsportsbet.com\/vi-vn\/","name":"c\u00e1 c\u01b0\u1ee3c th\u1ec3 thao t\u1ed1t nh\u1ea5t","description":"","publisher":{"@id":"https:\/\/thebestsportsbet.com\/vi-vn\/#organization"},"potentialAction":[{"@type":"SearchAction","target":{"@type":"EntryPoint","urlTemplate":"https:\/\/thebestsportsbet.com\/vi-vn\/?s={search_term_string}"},"query-input":{"@type":"PropertyValueSpecification","valueRequired":true,"valueName":"search_term_string"}}],"inLanguage":"en-GB"},{"@type":"Organization","@id":"https:\/\/thebestsportsbet.com\/vi-vn\/#organization","name":"c\u00e1 c\u01b0\u1ee3c th\u1ec3 thao t\u1ed1t nh\u1ea5t","url":"https:\/\/thebestsportsbet.com\/vi-vn\/","logo":{"@type":"ImageObject","inLanguage":"en-GB","@id":"https:\/\/thebestsportsbet.com\/vi-vn\/#\/schema\/logo\/image\/","url":"https:\/\/thebestsportsbet.com\/vi-vn\/wp-content\/uploads\/sites\/7\/2023\/11\/tbsb4.png","contentUrl":"https:\/\/thebestsportsbet.com\/vi-vn\/wp-content\/uploads\/sites\/7\/2023\/11\/tbsb4.png","width":380,"height":120,"caption":"c\u00e1 c\u01b0\u1ee3c th\u1ec3 thao t\u1ed1t nh\u1ea5t"},"image":{"@id":"https:\/\/thebestsportsbet.com\/vi-vn\/#\/schema\/logo\/image\/"},"sameAs":["https:\/\/x.com\/thebestsportsb"]}]}},"uagb_featured_image_src":{"full":false,"thumbnail":false,"medium":false,"medium_large":false,"large":false,"1536x1536":false,"2048x2048":false,"jannah-image-small":false,"jannah-image-large":false,"jannah-image-post":false},"uagb_author_info":{"display_name":"thebestsportsbet.com","author_link":"https:\/\/thebestsportsbet.com\/vi-vn\/author\/thebestsportsbet-com\/"},"uagb_comment_info":0,"uagb_excerpt":"Ch\u00e0o m\u1eebng b\u1ea1n \u0111\u1ebfn v\u1edbi trang c\u00e1 c\u01b0\u1ee3c th\u1ec3 thao t\u1ed1t nh\u1ea5t. Ch\u00fang t\u00f4i cung c\u1ea5p c\u00e1c li\u00ean k\u1ebft thay th\u1ebf \u0111\u1ec3 truy c\u1eadp c\u00e1c trang web c\u00e1 c\u01b0\u1ee3c v\u00e0 m\u00e3 khuy\u1ebfn m\u00e3i, c\u0169ng nh\u01b0 th\u00f4ng tin v\u1ec1 c\u00e1c ch\u01b0\u01a1ng tr\u00ecnh khuy\u1ebfn m\u00e3i m\u1edbi. \u1ede Vi\u1ec7t Nam, c\u00f3 nhi\u1ec1u \u01b0u \u0111\u00e3i c\u00e1 c\u01b0\u1ee3c h\u1ea5p d\u1eabn&hellip;","_links":{"self":[{"href":"https:\/\/thebestsportsbet.com\/vi-vn\/wp-json\/wp\/v2\/pages\/25"}],"collection":[{"href":"https:\/\/thebestsportsbet.com\/vi-vn\/wp-json\/wp\/v2\/pages"}],"about":[{"href":"https:\/\/thebestsportsbet.com\/vi-vn\/wp-json\/wp\/v2\/types\/page"}],"author":[{"embeddable":true,"href":"https:\/\/thebestsportsbet.com\/vi-vn\/wp-json\/wp\/v2\/users\/1"}],"replies":[{"embeddable":true,"href":"https:\/\/thebestsportsbet.com\/vi-vn\/wp-json\/wp\/v2\/comments?post=25"}],"version-history":[{"count":2,"href":"https:\/\/thebestsportsbet.com\/vi-vn\/wp-json\/wp\/v2\/pages\/25\/revisions"}],"predecessor-version":[{"id":31,"href":"https:\/\/thebestsportsbet.com\/vi-vn\/wp-json\/wp\/v2\/pages\/25\/revisions\/31"}],"wp:attachment":[{"href":"https:\/\/thebestsportsbet.com\/vi-vn\/wp-json\/wp\/v2\/media?parent=25"}],"curies":[{"name":"wp","href":"https:\/\/api.w.org\/{rel}","templated":true}]}}